{"id":10249,"date":"2025-08-21T15:03:00","date_gmt":"2025-08-21T19:03:00","guid":{"rendered":"https:\/\/cdware.com\/politique-de-confidentialite\/"},"modified":"2026-01-16T16:46:00","modified_gmt":"2026-01-16T21:46:00","slug":"politique-de-confidentialite","status":"publish","type":"page","link":"https:\/\/cdware.com\/es\/politique-de-confidentialite\/","title":{"rendered":"Politique de confidentialit\u00e9"},"content":{"rendered":"\t\t<div data-elementor-type=\"wp-page\" data-elementor-id=\"10249\" class=\"elementor elementor-10249 elementor-1207\" data-elementor-post-type=\"page\">\n\t\t\t\t<div class=\"elementor-element elementor-element-efbb055 e-flex e-con-boxed e-con e-parent\" data-id=\"efbb055\" data-element_type=\"container\" data-e-type=\"container\" data-settings=\"{&quot;jet_parallax_layout_list&quot;:[],&quot;background_background&quot;:&quot;classic&quot;}\">\n\t\t\t\t\t<div class=\"e-con-inner\">\n\t\t<div class=\"elementor-element elementor-element-83928a0 e-con-full e-flex e-con e-child\" data-id=\"83928a0\" data-element_type=\"container\" data-e-type=\"container\" data-settings=\"{&quot;jet_parallax_layout_list&quot;:[]}\">\n\t\t\t\t<div class=\"elementor-element elementor-element-e268367 elementor-widget elementor-widget-heading\" data-id=\"e268367\" data-element_type=\"widget\" data-e-type=\"widget\" data-widget_type=\"heading.default\">\n\t\t\t\t\t<h1 class=\"elementor-heading-title elementor-size-default\">Pol\u00edtica de privacidad<\/h1>\t\t\t\t<\/div>\n\t\t\t\t<div class=\"elementor-element elementor-element-626ddce elementor-widget elementor-widget-text-editor\" data-id=\"626ddce\" data-element_type=\"widget\" data-e-type=\"widget\" data-widget_type=\"text-editor.default\">\n\t\t\t\t\t\t\t\t\t<p>\u00daltima actualizaci\u00f3n: 16 de enero 2026<\/p><p>Esta Pol\u00edtica de Privacidad corresponde a CDWare Technologies, con sede en 3724 Boul Industriel, Sherbrooke (Qu\u00e9bec) J1L 1N6. Abarca la recopilaci\u00f3n, el uso y la divulgaci\u00f3n de la informaci\u00f3n que recopilamos al utilizar nuestro sitio web (https:\/\/cdware.com\/) (el \u00abServicio\u00bb).<\/p><p>Al acceder o utilizar el Servicio, usted consiente la recopilaci\u00f3n, el uso y la divulgaci\u00f3n de su informaci\u00f3n de acuerdo con esta Pol\u00edtica de Privacidad. Si no consiente, le rogamos que no acceda ni utilice el Servicio.<\/p><p>Podemos modificar esta Pol\u00edtica de Privacidad en cualquier momento sin previo aviso y publicaremos la versi\u00f3n revisada en el Servicio. La pol\u00edtica revisada entrar\u00e1 en vigor 180 d\u00edas despu\u00e9s de su publicaci\u00f3n en el Servicio, y su acceso o uso continuado del Servicio despu\u00e9s de este plazo constituir\u00e1 su aceptaci\u00f3n de la Pol\u00edtica de Privacidad revisada. Por lo tanto, le recomendamos que consulte esta p\u00e1gina peri\u00f3dicamente.<\/p><h3>Informaci\u00f3n que recopilamos<\/h3><p>Recopilaremos y procesaremos la siguiente informaci\u00f3n personal sobre usted:<\/p><ul><li>Nombre<\/li><li>Correo electr\u00f3nico profesional<\/li><li>Direcci\u00f3n profesional<\/li><\/ul><h3>C\u00f3mo usamos su informaci\u00f3n<\/h3><p>Utilizaremos la informaci\u00f3n que recopilamos sobre usted para los siguientes fines:<\/p><ul><li>Marketing\/Promoci\u00f3n<\/li><li>Testimonios<\/li><li>Recopilaci\u00f3n de comentarios de cliente<\/li><li>Soporte<\/li><\/ul><h3>Informaci\u00f3n de administraci\u00f3n<\/h3><p>Si deseamos utilizar su informaci\u00f3n para otros fines, le solicitaremos su consentimiento y la utilizaremos \u00fanicamente despu\u00e9s de recibirlo y, en ese caso, \u00fanicamente para los fines para los que usted lo autorice, a menos que la ley exija lo contrario.<\/p><h3>C\u00f3mo compartimos su informaci\u00f3n<\/h3><p>No transferiremos su informaci\u00f3n personal a terceros sin su consentimiento, excepto en las circunstancias limitadas que se describen a continuaci\u00f3n:<\/p><ul><li>An\u00e1lisis de datos de tr\u00e1fico del sitio web (Google Analytics)<\/li><li>Acceso a nuestros proveedores de servicios de TI<\/li><\/ul><p>Exigimos a estos terceros que utilicen la informaci\u00f3n personal que les transferimos \u00fanicamente para los fines para los que fue transferida y que no la conserven m\u00e1s tiempo del necesario para cumplir dicho fin. Nuestros servicios de terceros pueden analizar su informaci\u00f3n solo en la medida necesaria para prestar los servicios que nos prestan.<\/p><p>Tambi\u00e9n podemos divulgar su informaci\u00f3n personal por los siguientes motivos:<\/p><ul><li>Para cumplir con la legislaci\u00f3n, normativa, orden judicial u otro proceso legal aplicable;<\/li><li>Para hacer cumplir sus acuerdos con nosotros, incluida esta Pol\u00edtica de Privacidad;<\/li><li>Para responder a reclamaciones de que su uso del Servicio infringe los derechos de un tercero. Si el Servicio o nuestra empresa se fusiona o es adquirida por otra empresa, su informaci\u00f3n formar\u00e1 parte de los activos transferidos al nuevo propietario.<\/li><\/ul><h3>Conservaci\u00f3n de su informaci\u00f3n<\/h3><p>Conservaremos su informaci\u00f3n personal el tiempo que sea necesario para cumplir con los objetivos para los que fue recopilada, tal como se detalla en esta Pol\u00edtica de Privacidad.<\/p><p>Es posible que necesitemos conservar cierta informaci\u00f3n durante periodos m\u00e1s largos, como para el mantenimiento de registros o la elaboraci\u00f3n de informes de conformidad con la legislaci\u00f3n aplicable, o por otras razones leg\u00edtimas, como el ejercicio de derechos legales, la prevenci\u00f3n del fraude, etc. La informaci\u00f3n an\u00f3nima residual y la informaci\u00f3n agregada, que no le identifique (directa o indirectamente), podr\u00e1n conservarse indefinidamente.<\/p><h3>Sus derechos<\/h3><p>Dependiendo de la legislaci\u00f3n aplicable, usted puede tener derecho a acceder, rectificar o eliminar sus datos personales, o a recibir una copia de los mismos, restringir u oponerse al tratamiento activo de sus datos, solicitarnos que compartamos (portemos) su informaci\u00f3n personal con otra entidad, retirar cualquier consentimiento que nos haya dado para el tratamiento de sus datos, el derecho a presentar una reclamaci\u00f3n ante una autoridad legal y otros derechos pertinentes seg\u00fan la legislaci\u00f3n aplicable. Para ejercer estos derechos, puede escribirnos a security@cdware.com. Responderemos a su solicitud de conformidad con la legislaci\u00f3n aplicable. Si no est\u00e1 satisfecho con nuestra respuesta, puede contactar con la Comisi\u00f3n de Acceso a la Informaci\u00f3n de Quebec (Commission d&#8217;acc\u00e8s \u00e0 l&#8217;information du Qu\u00e9bec), el organismo p\u00fablico responsable de supervisar las pr\u00e1cticas de gesti\u00f3n y procesamiento de datos personales en Quebec:<\/p><p>2045, rue Stanley<br \/>Oficina 900<br \/>Montr\u00e9al (Qu\u00e9bec) H3A 2V4<br \/>(514) 873-4196 o llame gratis al 1-888-528-7741<br \/>cai.communications@cai.gouv.qc.ca<br \/>www.cai.gouv.qc.ca<\/p><h3>Cookies<\/h3><h4>\u00a0\u00bfQu\u00e9 son las cookies?<\/h4><p>Las cookies son peque\u00f1os archivos de texto que se utilizan para almacenar peque\u00f1as cantidades de informaci\u00f3n. Se almacenan en su dispositivo cuando se carga el sitio web en su navegador. Estas cookies nos ayudan a que el sitio web funcione correctamente, a hacerlo m\u00e1s seguro, a brindar una mejor experiencia de usuario, a comprender su rendimiento y a analizar qu\u00e9 aspectos funcionan bien y qu\u00e9 aspectos deben mejorarse.<\/p><h4>\u00bfC\u00f3mo usamos las cookies?<\/h4><p>Como la mayor\u00eda de los servicios en l\u00ednea, nuestro sitio web utiliza cookies propias y de terceros para diversos fines. Las cookies propias son principalmente necesarias para el correcto funcionamiento del sitio web y no recopilan datos personales.<\/p><p>Las cookies de terceros que utilizamos en nuestros sitios web sirven principalmente para comprender el rendimiento del sitio web, c\u00f3mo interact\u00faa con \u00e9l, mantener la seguridad de nuestros servicios y proporcionar&#8230; Mostrar anuncios relevantes para usted y, en general, brindarle una mejor experiencia de usuario y agilizar sus futuras interacciones con nuestro sitio web.<\/p><h4>Administraci\u00f3n de preferencias de cookies<\/h4><h4><a class=\"cky-banner-element\">Cookie settings<\/a><\/h4><p>Configuraci\u00f3n de cookies<\/p><p>Puede cambiar sus preferencias de cookies en cualquier momento haciendo clic en el bot\u00f3n de arriba. Esto le permitir\u00e1 volver a visitar el banner de consentimiento de cookies y cambiar sus preferencias o retirar su consentimiento inmediatamente.<\/p><p>Adem\u00e1s, cada navegador ofrece diferentes m\u00e9todos para bloquear y eliminar las cookies utilizadas por los sitios web. Puede cambiar la configuraci\u00f3n de su navegador para bloquear o eliminar las cookies. A continuaci\u00f3n, encontrar\u00e1 los enlaces a los documentos de soporte sobre la administraci\u00f3n y eliminaci\u00f3n de cookies en los principales navegadores web.<\/p><ul><li>Chrome<\/li><li>Safari<\/li><li>Firefox<\/li><li>Internet Explorer<\/li><\/ul><p>Si utiliza otro navegador web, consulte la documentaci\u00f3n de su navegador para obtener instrucciones sobre c\u00f3mo administrar las cookies.<\/p><h3>Cont\u00e1ctenos<\/h3><p>Si tiene alguna pregunta sobre esta Pol\u00edtica de Privacidad o el tratamiento que hacemos de su informaci\u00f3n personal, cont\u00e1ctenos:<\/p><p>Correo electr\u00f3nico: security@cdware.com<br \/>Tel\u00e9fono: (819) 410-3480<br \/>Direcci\u00f3n: 3724 Boul Industriel, Sherbrooke (Qu\u00e9bec) J1L 1N6<\/p><p>Esta Pol\u00edtica de Privacidad se actualiz\u00f3 por \u00faltima vez el 16 de enero 2026 el y entr\u00f3 en vigor el abril 2023.<\/p>\t\t\t\t\t\t\t\t<\/div>\n\t\t\t\t<\/div>\n\t\t\t\t\t<\/div>\n\t\t\t\t<\/div>\n\t\t\t\t<\/div>\n\t\t","protected":false},"excerpt":{"rendered":"<p>Pol\u00edtica de privacidad \u00daltima actualizaci\u00f3n: 16 de enero 2026 Esta Pol\u00edtica de Privacidad corresponde a CDWare Technologies, con sede en 3724 Boul Industriel, Sherbrooke (Qu\u00e9bec) J1L 1N6. Abarca la recopilaci\u00f3n, el uso y la divulgaci\u00f3n de la informaci\u00f3n que recopilamos al utilizar nuestro sitio web (https:\/\/cdware.com\/) (el \u00abServicio\u00bb). Al acceder o utilizar el Servicio, usted [&hellip;]<\/p>\n","protected":false},"author":1,"featured_media":0,"parent":0,"menu_order":0,"comment_status":"closed","ping_status":"closed","template":"","meta":{"_acf_changed":false,"footnotes":""},"page-category":[],"city":[],"service":[],"class_list":["post-10249","page","type-page","status-publish","hentry"],"acf":[],"yoast_head":"<!-- This site is optimized with the Yoast SEO plugin v27.5 - https:\/\/yoast.com\/product\/yoast-seo-wordpress\/ -->\n<title>Politique de confidentialit\u00e9 - CDWare<\/title>\n<meta name=\"robots\" content=\"index, follow, max-snippet:-1, max-image-preview:large, max-video-preview:-1\" \/>\n<link rel=\"canonical\" href=\"https:\/\/cdware.com\/es\/politique-de-confidentialite\/\" \/>\n<meta property=\"og:locale\" content=\"es_ES\" \/>\n<meta property=\"og:type\" content=\"article\" \/>\n<meta property=\"og:title\" content=\"Politique de confidentialit\u00e9 - CDWare\" \/>\n<meta property=\"og:description\" content=\"Pol\u00edtica de privacidad \u00daltima actualizaci\u00f3n: 16 de enero 2026 Esta Pol\u00edtica de Privacidad corresponde a CDWare Technologies, con sede en 3724 Boul Industriel, Sherbrooke (Qu\u00e9bec) J1L 1N6. Abarca la recopilaci\u00f3n, el uso y la divulgaci\u00f3n de la informaci\u00f3n que recopilamos al utilizar nuestro sitio web (https:\/\/cdware.com\/) (el \u00abServicio\u00bb). Al acceder o utilizar el Servicio, usted [&hellip;]\" \/>\n<meta property=\"og:url\" content=\"https:\/\/cdware.com\/es\/politique-de-confidentialite\/\" \/>\n<meta property=\"og:site_name\" content=\"CDWare\" \/>\n<meta property=\"article:modified_time\" content=\"2026-01-16T21:46:00+00:00\" \/>\n<meta name=\"twitter:card\" content=\"summary_large_image\" \/>\n<meta name=\"twitter:label1\" content=\"Tiempo de lectura\" \/>\n\t<meta name=\"twitter:data1\" content=\"5 minutos\" \/>\n<script type=\"application\/ld+json\" class=\"yoast-schema-graph\">{\"@context\":\"https:\\\/\\\/schema.org\",\"@graph\":[{\"@type\":\"WebPage\",\"@id\":\"https:\\\/\\\/cdware.com\\\/es\\\/politique-de-confidentialite\\\/\",\"url\":\"https:\\\/\\\/cdware.com\\\/es\\\/politique-de-confidentialite\\\/\",\"name\":\"Politique de confidentialit\u00e9 - CDWare\",\"isPartOf\":{\"@id\":\"https:\\\/\\\/cdware.com\\\/es\\\/#website\"},\"datePublished\":\"2025-08-21T19:03:00+00:00\",\"dateModified\":\"2026-01-16T21:46:00+00:00\",\"breadcrumb\":{\"@id\":\"https:\\\/\\\/cdware.com\\\/es\\\/politique-de-confidentialite\\\/#breadcrumb\"},\"inLanguage\":\"es\",\"potentialAction\":[{\"@type\":\"ReadAction\",\"target\":[\"https:\\\/\\\/cdware.com\\\/es\\\/politique-de-confidentialite\\\/\"]}]},{\"@type\":\"BreadcrumbList\",\"@id\":\"https:\\\/\\\/cdware.com\\\/es\\\/politique-de-confidentialite\\\/#breadcrumb\",\"itemListElement\":[{\"@type\":\"ListItem\",\"position\":1,\"name\":\"Accueil\",\"item\":\"https:\\\/\\\/cdware.com\\\/es\\\/\"},{\"@type\":\"ListItem\",\"position\":2,\"name\":\"Politique de confidentialit\u00e9\"}]},{\"@type\":\"WebSite\",\"@id\":\"https:\\\/\\\/cdware.com\\\/es\\\/#website\",\"url\":\"https:\\\/\\\/cdware.com\\\/es\\\/\",\"name\":\"CDWare\",\"description\":\"\",\"potentialAction\":[{\"@type\":\"SearchAction\",\"target\":{\"@type\":\"EntryPoint\",\"urlTemplate\":\"https:\\\/\\\/cdware.com\\\/es\\\/?s={search_term_string}\"},\"query-input\":{\"@type\":\"PropertyValueSpecification\",\"valueRequired\":true,\"valueName\":\"search_term_string\"}}],\"inLanguage\":\"es\"}]}<\/script>\n<!-- \/ Yoast SEO plugin. -->","yoast_head_json":{"title":"Politique de confidentialit\u00e9 - CDWare","robots":{"index":"index","follow":"follow","max-snippet":"max-snippet:-1","max-image-preview":"max-image-preview:large","max-video-preview":"max-video-preview:-1"},"canonical":"https:\/\/cdware.com\/es\/politique-de-confidentialite\/","og_locale":"es_ES","og_type":"article","og_title":"Politique de confidentialit\u00e9 - CDWare","og_description":"Pol\u00edtica de privacidad \u00daltima actualizaci\u00f3n: 16 de enero 2026 Esta Pol\u00edtica de Privacidad corresponde a CDWare Technologies, con sede en 3724 Boul Industriel, Sherbrooke (Qu\u00e9bec) J1L 1N6. Abarca la recopilaci\u00f3n, el uso y la divulgaci\u00f3n de la informaci\u00f3n que recopilamos al utilizar nuestro sitio web (https:\/\/cdware.com\/) (el \u00abServicio\u00bb). Al acceder o utilizar el Servicio, usted [&hellip;]","og_url":"https:\/\/cdware.com\/es\/politique-de-confidentialite\/","og_site_name":"CDWare","article_modified_time":"2026-01-16T21:46:00+00:00","twitter_card":"summary_large_image","twitter_misc":{"Tiempo de lectura":"5 minutos"},"schema":{"@context":"https:\/\/schema.org","@graph":[{"@type":"WebPage","@id":"https:\/\/cdware.com\/es\/politique-de-confidentialite\/","url":"https:\/\/cdware.com\/es\/politique-de-confidentialite\/","name":"Politique de confidentialit\u00e9 - CDWare","isPartOf":{"@id":"https:\/\/cdware.com\/es\/#website"},"datePublished":"2025-08-21T19:03:00+00:00","dateModified":"2026-01-16T21:46:00+00:00","breadcrumb":{"@id":"https:\/\/cdware.com\/es\/politique-de-confidentialite\/#breadcrumb"},"inLanguage":"es","potentialAction":[{"@type":"ReadAction","target":["https:\/\/cdware.com\/es\/politique-de-confidentialite\/"]}]},{"@type":"BreadcrumbList","@id":"https:\/\/cdware.com\/es\/politique-de-confidentialite\/#breadcrumb","itemListElement":[{"@type":"ListItem","position":1,"name":"Accueil","item":"https:\/\/cdware.com\/es\/"},{"@type":"ListItem","position":2,"name":"Politique de confidentialit\u00e9"}]},{"@type":"WebSite","@id":"https:\/\/cdware.com\/es\/#website","url":"https:\/\/cdware.com\/es\/","name":"CDWare","description":"","potentialAction":[{"@type":"SearchAction","target":{"@type":"EntryPoint","urlTemplate":"https:\/\/cdware.com\/es\/?s={search_term_string}"},"query-input":{"@type":"PropertyValueSpecification","valueRequired":true,"valueName":"search_term_string"}}],"inLanguage":"es"}]}},"_links":{"self":[{"href":"https:\/\/cdware.com\/es\/wp-json\/wp\/v2\/pages\/10249","targetHints":{"allow":["GET"]}}],"collection":[{"href":"https:\/\/cdware.com\/es\/wp-json\/wp\/v2\/pages"}],"about":[{"href":"https:\/\/cdware.com\/es\/wp-json\/wp\/v2\/types\/page"}],"author":[{"embeddable":true,"href":"https:\/\/cdware.com\/es\/wp-json\/wp\/v2\/users\/1"}],"replies":[{"embeddable":true,"href":"https:\/\/cdware.com\/es\/wp-json\/wp\/v2\/comments?post=10249"}],"version-history":[{"count":7,"href":"https:\/\/cdware.com\/es\/wp-json\/wp\/v2\/pages\/10249\/revisions"}],"predecessor-version":[{"id":11138,"href":"https:\/\/cdware.com\/es\/wp-json\/wp\/v2\/pages\/10249\/revisions\/11138"}],"wp:attachment":[{"href":"https:\/\/cdware.com\/es\/wp-json\/wp\/v2\/media?parent=10249"}],"wp:term":[{"taxonomy":"page-category","embeddable":true,"href":"https:\/\/cdware.com\/es\/wp-json\/wp\/v2\/page-category?post=10249"},{"taxonomy":"city","embeddable":true,"href":"https:\/\/cdware.com\/es\/wp-json\/wp\/v2\/city?post=10249"},{"taxonomy":"service","embeddable":true,"href":"https:\/\/cdware.com\/es\/wp-json\/wp\/v2\/service?post=10249"}],"curies":[{"name":"wp","href":"https:\/\/api.w.org\/{rel}","templated":true}]}}